{"id":16979,"date":"2024-09-12T12:50:40","date_gmt":"2024-09-12T12:50:40","guid":{"rendered":"https:\/\/www.lalethermos.com\/?page_id=16979"},"modified":"2025-08-06T09:21:00","modified_gmt":"2025-08-06T09:21:00","slug":"privacy-policy","status":"publish","type":"page","link":"https:\/\/lalethermos.com\/tr\/privacy-policy\/","title":{"rendered":"Gizlilik Politikas\u0131"},"content":{"rendered":"\n<h2 class=\"wp-block-heading\">Kimiz<\/h2>\n\n<p><strong class=\"privacy-policy-tutorial\">  : <\/strong>Our website address is: http:\/\/lalethermos.com.<\/p>\n\n<h2 class=\"wp-block-heading\">Yorumlar<\/h2>\n\n<p><strong class=\"privacy-policy-tutorial\">  : <\/strong>When visitors leave comments on the site we collect the data shown in the comments form, and also the visitor\u2019s IP address and browser user agent string to help spam detection.<\/p>\n\n<p>E-posta adresinizden olu\u015fturulan anonimle\u015ftirilmi\u015f bir dize (hash), Gravatar hizmetine g\u00f6nderilebilir. Bu, hizmeti kullan\u0131p kullanmad\u0131\u011f\u0131n\u0131z\u0131 kontrol etmek i\u00e7indir. Gravatar\u2019\u0131n gizlilik politikas\u0131na buradan ula\u015fabilirsiniz:<br\/>https:\/\/automattic.com\/privacy\/<br\/>Yorumunuz onayland\u0131ktan sonra, profil foto\u011fraf\u0131n\u0131z yorum ba\u011flam\u0131nda herkese g\u00f6r\u00fcn\u00fcr hale gelir.<br\/><br\/><\/p>\n\n<h2 class=\"wp-block-heading\">Medya<\/h2>\n\n<p><strong class=\"privacy-policy-tutorial\">  : <\/strong>If you upload images to the website, you should avoid uploading images with embedded location data (EXIF GPS) included. Visitors to the website can download and extract any location data from images on the website.<\/p>\n\n<h2 class=\"wp-block-heading\">\u00c7erezler<\/h2>\n\n<p><strong class=\"privacy-policy-tutorial\">  : <\/strong>If you leave a comment on our site you may opt-in to saving your name, email address and website in cookies. These are for your convenience so that you do not have to fill in your details again when you leave another comment. These cookies will last for one year.<\/p>\n\n<p>Giri\u015f sayfam\u0131z\u0131 ziyaret ederseniz, taray\u0131c\u0131n\u0131z\u0131n \u00e7erezleri kabul edip etmedi\u011fini belirlemek i\u00e7in ge\u00e7ici bir \u00e7erez ayarlayaca\u011f\u0131z. Bu \u00e7erez ki\u015fisel veri i\u00e7ermez ve taray\u0131c\u0131n\u0131z\u0131 kapatt\u0131\u011f\u0131n\u0131zda silinir.<\/p>\n\n<p>Giri\u015f yapt\u0131\u011f\u0131n\u0131zda, giri\u015f bilgilerinizi ve ekran g\u00f6r\u00fcnt\u00fcleme tercihlerinizi kaydetmek i\u00e7in \u00e7e\u015fitli \u00e7erezler de ayarlayaca\u011f\u0131z. Giri\u015f \u00e7erezleri iki g\u00fcn, ekran se\u00e7enekleri \u00e7erezleri ise bir y\u0131l s\u00fcreyle saklan\u0131r. &#8220;Beni Hat\u0131rla&#8221;y\u0131 se\u00e7erseniz, giri\u015f bilgileriniz iki hafta boyunca saklan\u0131r. Hesab\u0131n\u0131zdan \u00e7\u0131k\u0131\u015f yaparsan\u0131z, giri\u015f \u00e7erezleri kald\u0131r\u0131l\u0131r.<\/p>\n\n<p>Bir makale d\u00fczenlerseniz veya yay\u0131nlarsan\u0131z, taray\u0131c\u0131n\u0131zda ek bir \u00e7erez kaydedilir. Bu \u00e7erez herhangi bir ki\u015fisel veri i\u00e7ermez, yaln\u0131zca d\u00fczenlenen g\u00f6nderinin kimli\u011fini g\u00f6sterir ve 1 g\u00fcn i\u00e7inde sona erer.<\/p>\n\n<h2 class=\"wp-block-heading\">Di\u011fer web sitelerinden g\u00f6m\u00fcl\u00fc i\u00e7erik<\/h2>\n\n<p><strong class=\"privacy-policy-tutorial\">  : <\/strong>Articles on this site may include embedded content (e.g. videos, images, articles, etc.). Embedded content from other websites behaves in the exact same way as if the visitor has visited the other website.<\/p>\n\n<p>Bu web siteleri sizin hakk\u0131n\u0131zda veri toplayabilir, \u00e7erez kullanabilir, ek \u00fc\u00e7\u00fcnc\u00fc taraf izlemeleri yerle\u015ftirebilir ve g\u00f6m\u00fcl\u00fc i\u00e7erikle etkile\u015fiminizi izleyebilir; bir hesab\u0131n\u0131z varsa ve bu web sitesinde oturum a\u00e7t\u0131ysan\u0131z g\u00f6m\u00fcl\u00fc i\u00e7erikle etkile\u015fiminizi izleme dahil.<\/p>\n\n<h2 class=\"wp-block-heading\">Verilerinizi kimlerle payla\u015f\u0131yoruz?<\/h2>\n\n<p><strong class=\"privacy-policy-tutorial\">  : <\/strong>If you request a password reset, your IP address will be included in the reset email.<\/p>\n\n<h2 class=\"wp-block-heading\">Verilerinizi ne kadar s\u00fcreyle sakl\u0131yoruz?<\/h2>\n\n<p><strong class=\"privacy-policy-tutorial\">  : <\/strong>If you leave a comment, the comment and its metadata are retained indefinitely. This is so we can recognize and approve any follow-up comments automatically instead of holding them in a moderation queue.<\/p>\n\n<p>Web sitemize kay\u0131t yapt\u0131ran kullan\u0131c\u0131lar (varsa) i\u00e7in, kullan\u0131c\u0131 profillerinde sa\u011flad\u0131klar\u0131 ki\u015fisel bilgileri de saklar\u0131z. T\u00fcm kullan\u0131c\u0131lar ki\u015fisel bilgilerini istedikleri zaman g\u00f6rebilir, d\u00fczenleyebilir veya silebilir (kullan\u0131c\u0131 ad\u0131 de\u011fi\u015ftirmeleri hari\u00e7). Web sitesi y\u00f6neticileri de bu bilgileri g\u00f6rebilir ve d\u00fczenleyebilir.<\/p>\n\n<h2 class=\"wp-block-heading\">Verileriniz \u00fczerinde hangi haklara sahipsiniz?<\/h2>\n\n<p><strong class=\"privacy-policy-tutorial\">  : <\/strong>If you have an account on this site, or have left comments, you can request to receive an exported file of the personal data we hold about you, including any data you have provided to us. You can also request that we erase any personal data we hold about you. This does not include any data we are obliged to keep for administrative, legal, or security purposes.<\/p>\n\n<h2 class=\"wp-block-heading\">Verileriniz nereye g\u00f6nderilir?<\/h2>\n\n<p><strong class=\"privacy-policy-tutorial\">  : <\/strong>Visitor comments may be checked through an automated spam detection service.<\/p>\n","protected":false},"excerpt":{"rendered":"<p>Kimiz : Our website address is: http:\/\/lalethermos.com. Yorumlar : When visitors leave comments on the site we collect the data<\/p>\n","protected":false},"author":1,"featured_media":0,"parent":0,"menu_order":0,"comment_status":"closed","ping_status":"open","template":"","meta":{"footnotes":""},"class_list":["post-16979","page","type-page","status-publish","hentry"],"_links":{"self":[{"href":"https:\/\/lalethermos.com\/tr\/wp-json\/wp\/v2\/pages\/16979","targetHints":{"allow":["GET"]}}],"collection":[{"href":"https:\/\/lalethermos.com\/tr\/wp-json\/wp\/v2\/pages"}],"about":[{"href":"https:\/\/lalethermos.com\/tr\/wp-json\/wp\/v2\/types\/page"}],"author":[{"embeddable":true,"href":"https:\/\/lalethermos.com\/tr\/wp-json\/wp\/v2\/users\/1"}],"replies":[{"embeddable":true,"href":"https:\/\/lalethermos.com\/tr\/wp-json\/wp\/v2\/comments?post=16979"}],"version-history":[{"count":4,"href":"https:\/\/lalethermos.com\/tr\/wp-json\/wp\/v2\/pages\/16979\/revisions"}],"predecessor-version":[{"id":18200,"href":"https:\/\/lalethermos.com\/tr\/wp-json\/wp\/v2\/pages\/16979\/revisions\/18200"}],"wp:attachment":[{"href":"https:\/\/lalethermos.com\/tr\/wp-json\/wp\/v2\/media?parent=16979"}],"curies":[{"name":"wp","href":"https:\/\/api.w.org\/{rel}","templated":true}]}}