{"id":17550,"date":"2024-09-18T08:08:33","date_gmt":"2024-09-18T08:08:33","guid":{"rendered":"https:\/\/www.lalethermos.com\/product\/17550\/"},"modified":"2025-11-19T08:38:33","modified_gmt":"2025-11-19T08:38:33","slug":"17550","status":"publish","type":"product","link":"https:\/\/lalethermos.com\/tr\/urun\/17550\/","title":{"rendered":"9034 SWAN TERMOS"},"content":{"rendered":"<p style=\"text-align: left;\"><strong>Lale Termos 9034 Koleksiyonu: \u015e\u0131kl\u0131k ve kalite Bir Arada<\/strong><\/p>\n<p style=\"text-align: left;\">Lale Termos 9034, modern esteti\u011fi pratik \u00f6zelliklerle harmanlayan ustaca tasarlanm\u0131\u015f bir \u00fcr\u00fcnd\u00fcr. Bu termos, \u00e7e\u015fitli canl\u0131 renk se\u00e7enekleriyle dikkat \u00e7eker ve v\u00fccut ile kapakta zarif alt\u0131n detaylarla s\u00fcslenmi\u015ftir.<\/p>\n<p style=\"text-align: left;\">Ana \u00d6zellikler:<\/p>\n<p style=\"text-align: left;\">\u2714\ufe0e T\u00fcrkiye\u2019de \u00dcretilmi\u015ftir: Hassasiyetle tasarlanm\u0131\u015f ve \u00fcretilmi\u015ftir.<\/p>\n<p style=\"text-align: left;\">\u2714\ufe0e Premium Hammaddeler: Dayan\u0131kl\u0131l\u0131k ve uzun s\u00fcreli performans sa\u011flar.<\/p>\n<p style=\"text-align: left;\">\u2714\ufe0e Asbestos \u0130\u00e7ermeyen: sa\u011fl\u0131\u011f\u0131n\u0131z i\u00e7in g\u00fcvenlidir.<\/p>\n<p style=\"text-align: left;\">\u2714\ufe0e Y\u00fcksek Kaliteli Cam \u015ei\u015fe: M\u00fckemmel yal\u0131t\u0131m ile ideal s\u0131cakl\u0131k korumas\u0131 sa\u011flar.<\/p>\n<p style=\"text-align: left;\">\u2714\ufe0e \u00dcst\u00fcn Is\u0131 Korumas\u0131: \u0130\u00e7eceklerinizi uzun s\u00fcre ideal s\u0131cakl\u0131kta tutar.<\/p>\n<p style=\"text-align: left;\">\u2714\ufe0e 10 Y\u0131l Garanti: on y\u0131l boyunca \u0131s\u0131 koruma garantisi, rahatl\u0131k sa\u011flar.<\/p>\n<p style=\"text-align: left;\">Evde ya da hareket halindeyken s\u0131cak i\u00e7ece\u011finizin keyfini Lale Termos ile \u00e7\u0131kar\u0131n .<\/p>\n","protected":false},"excerpt":{"rendered":"<p style=\"text-align: left;\">Lale Termos 9034, modern esteti\u011fi pratik \u00f6zelliklerle harmanlayan ustaca tasarlanm\u0131\u015f bir \u00fcr\u00fcnd\u00fcr. Bu termos, \u00e7e\u015fitli canl\u0131 renk se\u00e7enekleriyle dikkat \u00e7eker ve v\u00fccut ile kapakta zarif alt\u0131n detaylarla s\u00fcslenmi\u015ftir<\/p>\n","protected":false},"featured_media":18286,"comment_status":"open","ping_status":"closed","template":"","meta":[],"product_brand":[],"product_cat":[94],"product_tag":[],"class_list":{"0":"post-17550","1":"product","2":"type-product","3":"status-publish","4":"has-post-thumbnail","6":"product_cat-94","8":"first","9":"instock","10":"taxable","11":"shipping-taxable","12":"purchasable","13":"product-type-variable"},"_links":{"self":[{"href":"https:\/\/lalethermos.com\/tr\/wp-json\/wp\/v2\/product\/17550","targetHints":{"allow":["GET"]}}],"collection":[{"href":"https:\/\/lalethermos.com\/tr\/wp-json\/wp\/v2\/product"}],"about":[{"href":"https:\/\/lalethermos.com\/tr\/wp-json\/wp\/v2\/types\/product"}],"replies":[{"embeddable":true,"href":"https:\/\/lalethermos.com\/tr\/wp-json\/wp\/v2\/comments?post=17550"}],"version-history":[{"count":5,"href":"https:\/\/lalethermos.com\/tr\/wp-json\/wp\/v2\/product\/17550\/revisions"}],"predecessor-version":[{"id":18256,"href":"https:\/\/lalethermos.com\/tr\/wp-json\/wp\/v2\/product\/17550\/revisions\/18256"}],"wp:featuredmedia":[{"embeddable":true,"href":"https:\/\/lalethermos.com\/tr\/wp-json\/wp\/v2\/media\/18286"}],"wp:attachment":[{"href":"https:\/\/lalethermos.com\/tr\/wp-json\/wp\/v2\/media?parent=17550"}],"wp:term":[{"taxonomy":"product_brand","embeddable":true,"href":"https:\/\/lalethermos.com\/tr\/wp-json\/wp\/v2\/product_brand?post=17550"},{"taxonomy":"product_cat","embeddable":true,"href":"https:\/\/lalethermos.com\/tr\/wp-json\/wp\/v2\/product_cat?post=17550"},{"taxonomy":"product_tag","embeddable":true,"href":"https:\/\/lalethermos.com\/tr\/wp-json\/wp\/v2\/product_tag?post=17550"}],"curies":[{"name":"wp","href":"https:\/\/api.w.org\/{rel}","templated":true}]}}