{"id":19848,"date":"2024-06-12T10:47:49","date_gmt":"2024-06-12T10:47:49","guid":{"rendered":"https:\/\/lalethermos.com\/?post_type=product&#038;p=19848"},"modified":"2025-11-18T12:53:13","modified_gmt":"2025-11-18T12:53:13","slug":"prc-9034-arc-%d9%86%d8%b3%d8%ae%d8%a9-%d9%86%d8%b3%d8%ae%d8%a9","status":"publish","type":"product","link":"https:\/\/lalethermos.com\/tr\/urun\/prc-9034-arc-%d9%86%d8%b3%d8%ae%d8%a9-%d9%86%d8%b3%d8%ae%d8%a9\/","title":{"rendered":"PRC-9034-IST"},"content":{"rendered":"<p data-start=\"1137\" data-end=\"1325\"><strong data-start=\"1137\" data-end=\"1167\">Porselen \u00e7ay fincan tak\u0131m\u0131<\/strong>, klasik zarafeti modern bir dokunu\u015fla birle\u015ftirir.<br data-start=\"1218\" data-end=\"1221\" \/>Her fincan, \u00f6zenle i\u015flenmi\u015f desenleri ve alt\u0131n detayl\u0131 kulplar\u0131yla zarafet ve l\u00fcks\u00fc bir araya getirir.<\/p>\n<p data-start=\"1327\" data-end=\"1549\">Is\u0131ya dayan\u0131kl\u0131, kolay temizlenebilir ve uzun \u00f6m\u00fcrl\u00fc yap\u0131s\u0131yla hem g\u00fcnl\u00fck \u00e7ay saatleri hem de \u00f6zel davetler i\u00e7in m\u00fckemmel bir tercihtir.<br data-start=\"1463\" data-end=\"1466\" \/>Fincan ve tabaklar\u0131n uyumlu tasar\u0131m\u0131, her sunuma estetik bir b\u00fct\u00fcnl\u00fck kazand\u0131r\u0131r.<\/p>\n<p data-start=\"1551\" data-end=\"1568\"><strong data-start=\"1551\" data-end=\"1566\">\u00d6zellikler:<\/strong><\/p>\n<ul data-start=\"1569\" data-end=\"1683\">\n<li data-start=\"1569\" data-end=\"1606\">\n<p data-start=\"1571\" data-end=\"1606\">Malzeme: Y\u00fcksek kaliteli porselen<\/p>\n<\/li>\n<li data-start=\"1607\" data-end=\"1649\">\n<p data-start=\"1609\" data-end=\"1649\">Detaylar: Alt\u0131n yald\u0131zl\u0131 kenar ve kulp<\/p>\n<\/li>\n<li data-start=\"1650\" data-end=\"1683\">\n<p data-start=\"1652\" data-end=\"1683\">Adet: 6 \u00e7ay barda\u011f\u0131 + 6 tabak<\/p>\n<\/li>\n<\/ul>\n","protected":false},"excerpt":{"rendered":"<p data-start=\"981\" data-end=\"1109\">Y\u00fcksek kaliteli porselenden \u00fcretilmi\u015f, kabartmal\u0131 geometrik desenli ve alt\u0131n detaylarla s\u00fcslenmi\u015f \u015f\u0131k bir <strong data-start=\"1087\" data-end=\"1108\">\u00e7ay fincan tak\u0131m\u0131<\/strong>.<\/p>\n<h3 data-start=\"1111\" data-end=\"1136\"><\/h3>\n<h3 data-start=\"1077\" data-end=\"1102\"><\/h3>\n","protected":false},"featured_media":19728,"comment_status":"open","ping_status":"closed","template":"","meta":[],"product_brand":[],"product_cat":[122],"product_tag":[],"class_list":{"0":"post-19848","1":"product","2":"type-product","3":"status-publish","4":"has-post-thumbnail","6":"product_cat-besan","8":"first","9":"instock","10":"taxable","11":"shipping-taxable","12":"purchasable","13":"product-type-variable"},"_links":{"self":[{"href":"https:\/\/lalethermos.com\/tr\/wp-json\/wp\/v2\/product\/19848","targetHints":{"allow":["GET"]}}],"collection":[{"href":"https:\/\/lalethermos.com\/tr\/wp-json\/wp\/v2\/product"}],"about":[{"href":"https:\/\/lalethermos.com\/tr\/wp-json\/wp\/v2\/types\/product"}],"replies":[{"embeddable":true,"href":"https:\/\/lalethermos.com\/tr\/wp-json\/wp\/v2\/comments?post=19848"}],"version-history":[{"count":2,"href":"https:\/\/lalethermos.com\/tr\/wp-json\/wp\/v2\/product\/19848\/revisions"}],"predecessor-version":[{"id":19882,"href":"https:\/\/lalethermos.com\/tr\/wp-json\/wp\/v2\/product\/19848\/revisions\/19882"}],"wp:featuredmedia":[{"embeddable":true,"href":"https:\/\/lalethermos.com\/tr\/wp-json\/wp\/v2\/media\/19728"}],"wp:attachment":[{"href":"https:\/\/lalethermos.com\/tr\/wp-json\/wp\/v2\/media?parent=19848"}],"wp:term":[{"taxonomy":"product_brand","embeddable":true,"href":"https:\/\/lalethermos.com\/tr\/wp-json\/wp\/v2\/product_brand?post=19848"},{"taxonomy":"product_cat","embeddable":true,"href":"https:\/\/lalethermos.com\/tr\/wp-json\/wp\/v2\/product_cat?post=19848"},{"taxonomy":"product_tag","embeddable":true,"href":"https:\/\/lalethermos.com\/tr\/wp-json\/wp\/v2\/product_tag?post=19848"}],"curies":[{"name":"wp","href":"https:\/\/api.w.org\/{rel}","templated":true}]}}