{"id":19903,"date":"2024-06-12T10:59:50","date_gmt":"2024-06-12T10:59:50","guid":{"rendered":"https:\/\/lalethermos.com\/?post_type=product&#038;p=19903"},"modified":"2025-11-18T12:51:06","modified_gmt":"2025-11-18T12:51:06","slug":"prc-9034-ist-%d9%86%d8%b3%d8%ae%d8%a9","status":"publish","type":"product","link":"https:\/\/lalethermos.com\/tr\/urun\/prc-9034-ist-%d9%86%d8%b3%d8%ae%d8%a9\/","title":{"rendered":"PRC-9034-22"},"content":{"rendered":"<p data-start=\"1283\" data-end=\"1485\"><strong data-start=\"1283\" data-end=\"1319\">Porselen 22 par\u00e7a misafir tak\u0131m\u0131<\/strong>, kahve ve \u00e7ay sunumlar\u0131n\u0131za zarafet katmak i\u00e7in tasarland\u0131.<br data-start=\"1379\" data-end=\"1382\" \/>Kabartmal\u0131 geometrik desenleriyle dikkat \u00e7ekerken, alt\u0131n detaylar tak\u0131ma l\u00fcks bir g\u00f6r\u00fcn\u00fcm kazand\u0131r\u0131r.<\/p>\n<p data-start=\"1487\" data-end=\"1691\">G\u00fcnl\u00fck kullan\u0131m veya \u00f6zel davetler i\u00e7in ideal olan bu tak\u0131m, dayan\u0131kl\u0131, \u0131s\u0131ya kar\u015f\u0131 diren\u00e7li ve kolay temizlenebilir yap\u0131ya sahiptir.<br data-start=\"1620\" data-end=\"1623\" \/>Her par\u00e7a, sunumlar\u0131n\u0131za b\u00fct\u00fcnl\u00fck ve estetik bir denge kazand\u0131r\u0131r.<\/p>\n<p data-start=\"1693\" data-end=\"1713\"><strong data-start=\"1693\" data-end=\"1711\">Tak\u0131m \u0130\u00e7eri\u011fi:<\/strong><\/p>\n<ul data-start=\"1714\" data-end=\"1837\">\n<li data-start=\"1714\" data-end=\"1743\">\n<p data-start=\"1716\" data-end=\"1743\">6 adet Arap kahve fincan\u0131<\/p>\n<\/li>\n<li data-start=\"1744\" data-end=\"1782\">\n<p data-start=\"1746\" data-end=\"1782\">6 adet \u00e7ay fincan\u0131 ve 6 adet tabak<\/p>\n<\/li>\n<li data-start=\"1783\" data-end=\"1812\">\n<p data-start=\"1785\" data-end=\"1812\">1 adet \u015fekerlik (kapakl\u0131)<\/p>\n<\/li>\n<li data-start=\"1813\" data-end=\"1837\">\n<p data-start=\"1815\" data-end=\"1837\">2 adet servis ka\u015f\u0131\u011f\u0131<\/p>\n<\/li>\n<\/ul>\n<p data-start=\"1839\" data-end=\"1856\"><strong data-start=\"1839\" data-end=\"1854\">\u00d6zellikler:<\/strong><\/p>\n<ul data-start=\"1857\" data-end=\"1937\">\n<li data-start=\"1857\" data-end=\"1894\">\n<p data-start=\"1859\" data-end=\"1894\">Malzeme: Y\u00fcksek kaliteli porselen<\/p>\n<\/li>\n<li data-start=\"1895\" data-end=\"1937\">\n<p data-start=\"1897\" data-end=\"1937\">Detaylar: Alt\u0131n yald\u0131zl\u0131 kenar ve kulp<\/p>\n<\/li>\n<\/ul>\n","protected":false},"excerpt":{"rendered":"<p data-start=\"1067\" data-end=\"1255\">Y\u00fcksek kaliteli porselenden \u00fcretilmi\u015f, 22 par\u00e7adan olu\u015fan zarif bir <strong data-start=\"1135\" data-end=\"1153\">misafir tak\u0131m\u0131<\/strong>. Arap kahve fincanlar\u0131, \u00e7ay fincanlar\u0131, tabaklar, \u015fekerlik ve alt\u0131n detayl\u0131 iki servis ka\u015f\u0131\u011f\u0131 i\u00e7erir.<\/p>\n<h3 data-start=\"1257\" data-end=\"1282\"><\/h3>\n","protected":false},"featured_media":19566,"comment_status":"open","ping_status":"closed","template":"","meta":[],"product_brand":[],"product_cat":[122],"product_tag":[],"class_list":{"0":"post-19903","1":"product","2":"type-product","3":"status-publish","4":"has-post-thumbnail","6":"product_cat-besan","8":"first","9":"instock","10":"taxable","11":"shipping-taxable","12":"purchasable","13":"product-type-variable"},"_links":{"self":[{"href":"https:\/\/lalethermos.com\/tr\/wp-json\/wp\/v2\/product\/19903","targetHints":{"allow":["GET"]}}],"collection":[{"href":"https:\/\/lalethermos.com\/tr\/wp-json\/wp\/v2\/product"}],"about":[{"href":"https:\/\/lalethermos.com\/tr\/wp-json\/wp\/v2\/types\/product"}],"replies":[{"embeddable":true,"href":"https:\/\/lalethermos.com\/tr\/wp-json\/wp\/v2\/comments?post=19903"}],"version-history":[{"count":3,"href":"https:\/\/lalethermos.com\/tr\/wp-json\/wp\/v2\/product\/19903\/revisions"}],"predecessor-version":[{"id":19933,"href":"https:\/\/lalethermos.com\/tr\/wp-json\/wp\/v2\/product\/19903\/revisions\/19933"}],"wp:featuredmedia":[{"embeddable":true,"href":"https:\/\/lalethermos.com\/tr\/wp-json\/wp\/v2\/media\/19566"}],"wp:attachment":[{"href":"https:\/\/lalethermos.com\/tr\/wp-json\/wp\/v2\/media?parent=19903"}],"wp:term":[{"taxonomy":"product_brand","embeddable":true,"href":"https:\/\/lalethermos.com\/tr\/wp-json\/wp\/v2\/product_brand?post=19903"},{"taxonomy":"product_cat","embeddable":true,"href":"https:\/\/lalethermos.com\/tr\/wp-json\/wp\/v2\/product_cat?post=19903"},{"taxonomy":"product_tag","embeddable":true,"href":"https:\/\/lalethermos.com\/tr\/wp-json\/wp\/v2\/product_tag?post=19903"}],"curies":[{"name":"wp","href":"https:\/\/api.w.org\/{rel}","templated":true}]}}