{"id":20388,"date":"2026-03-10T12:56:31","date_gmt":"2026-03-10T12:56:31","guid":{"rendered":"https:\/\/lalethermos.com\/?post_type=product&#038;p=20388"},"modified":"2026-03-10T13:18:59","modified_gmt":"2026-03-10T13:18:59","slug":"9034-swan-termos-%d9%86%d8%b3%d8%ae%d8%a9-3","status":"publish","type":"product","link":"https:\/\/lalethermos.com\/tr\/urun\/9034-swan-termos-%d9%86%d8%b3%d8%ae%d8%a9-3\/","title":{"rendered":"9034 SWAN PB Thermos"},"content":{"rendered":"<h3 data-section-id=\"103w8rp\" data-start=\"2204\" data-end=\"2223\"><\/h3>\n<p data-start=\"2224\" data-end=\"2429\">Lale basmal\u0131 termos, zarif tasar\u0131m\u0131 ve fonksiyonelli\u011fi bir araya getirerek misafir sofralar\u0131n\u0131za \u015f\u0131kl\u0131k katmak i\u00e7in tasarlanm\u0131\u015ft\u0131r. Geometrik dokulu y\u00fczeyi ve alt\u0131n detaylar\u0131 ile estetik bir g\u00f6r\u00fcn\u00fcm sunar.<\/p>\n<p data-start=\"2431\" data-end=\"2616\">Y\u00fcksek kaliteli malzemelerden \u00fcretilen termos, uzun s\u00fcre \u0131s\u0131 koruma performans\u0131 sa\u011flar. Pratik basmal\u0131 d\u00f6k\u00fcm sistemi sayesinde i\u00e7eceklerinizi tek dokunu\u015fla kolayca servis edebilirsiniz.<\/p>\n<p data-start=\"2618\" data-end=\"2727\">Arap kahvesi ve s\u0131cak i\u00e7ecekler i\u00e7in ideal olan Lali termos, farkl\u0131 renk se\u00e7enekleriyle her zevke hitap eder.<\/p>\n<p data-start=\"2729\" data-end=\"2744\"><strong data-start=\"2729\" data-end=\"2744\">\u00d6zellikler:<\/strong><\/p>\n<ul data-start=\"2745\" data-end=\"2888\">\n<li data-section-id=\"vzsm88\" data-start=\"2745\" data-end=\"2777\">\n<p data-start=\"2747\" data-end=\"2777\">Pratik basmal\u0131 d\u00f6k\u00fcm sistemi<\/p>\n<\/li>\n<li data-section-id=\"6pp6j1\" data-start=\"2778\" data-end=\"2809\">\n<p data-start=\"2780\" data-end=\"2809\">10 y\u0131l \u0131s\u0131 koruma garantisi<\/p>\n<\/li>\n<li data-section-id=\"forr44\" data-start=\"2810\" data-end=\"2836\">\n<p data-start=\"2812\" data-end=\"2836\">Y\u00fcksek \u00fcretim kalitesi<\/p>\n<\/li>\n<li data-section-id=\"ujhi95\" data-start=\"2837\" data-end=\"2862\">\n<p data-start=\"2839\" data-end=\"2862\">\u015e\u0131k ve modern tasar\u0131m<\/p>\n<\/li>\n<li data-section-id=\"7nvhtr\" data-start=\"2863\" data-end=\"2888\">\n<p data-start=\"2865\" data-end=\"2888\">Farkl\u0131 renk se\u00e7enekleri<\/p>\n<\/li>\n<\/ul>\n","protected":false},"excerpt":{"rendered":"<h3 data-section-id=\"cnmgyb\" data-start=\"1999\" data-end=\"2016\"><\/h3>\n<p data-start=\"2017\" data-end=\"2202\">Lale basmal\u0131 termos, \u015f\u0131k tasar\u0131m\u0131 ve pratik kullan\u0131m\u0131 bir araya getirir. 10 y\u0131l \u0131s\u0131 koruma garantisi, y\u00fcksek \u00fcretim kalitesi ve farkl\u0131 renk se\u00e7enekleriyle misafirli\u011finize zarafet katar.<\/p>\n","protected":false},"featured_media":20427,"comment_status":"open","ping_status":"closed","template":"","meta":[],"product_brand":[],"product_cat":[94],"product_tag":[],"class_list":{"0":"post-20388","1":"product","2":"type-product","3":"status-publish","4":"has-post-thumbnail","6":"product_cat-94","8":"first","9":"instock","10":"taxable","11":"shipping-taxable","12":"purchasable","13":"product-type-variable"},"_links":{"self":[{"href":"https:\/\/lalethermos.com\/tr\/wp-json\/wp\/v2\/product\/20388","targetHints":{"allow":["GET"]}}],"collection":[{"href":"https:\/\/lalethermos.com\/tr\/wp-json\/wp\/v2\/product"}],"about":[{"href":"https:\/\/lalethermos.com\/tr\/wp-json\/wp\/v2\/types\/product"}],"replies":[{"embeddable":true,"href":"https:\/\/lalethermos.com\/tr\/wp-json\/wp\/v2\/comments?post=20388"}],"version-history":[{"count":2,"href":"https:\/\/lalethermos.com\/tr\/wp-json\/wp\/v2\/product\/20388\/revisions"}],"predecessor-version":[{"id":20438,"href":"https:\/\/lalethermos.com\/tr\/wp-json\/wp\/v2\/product\/20388\/revisions\/20438"}],"wp:featuredmedia":[{"embeddable":true,"href":"https:\/\/lalethermos.com\/tr\/wp-json\/wp\/v2\/media\/20427"}],"wp:attachment":[{"href":"https:\/\/lalethermos.com\/tr\/wp-json\/wp\/v2\/media?parent=20388"}],"wp:term":[{"taxonomy":"product_brand","embeddable":true,"href":"https:\/\/lalethermos.com\/tr\/wp-json\/wp\/v2\/product_brand?post=20388"},{"taxonomy":"product_cat","embeddable":true,"href":"https:\/\/lalethermos.com\/tr\/wp-json\/wp\/v2\/product_cat?post=20388"},{"taxonomy":"product_tag","embeddable":true,"href":"https:\/\/lalethermos.com\/tr\/wp-json\/wp\/v2\/product_tag?post=20388"}],"curies":[{"name":"wp","href":"https:\/\/api.w.org\/{rel}","templated":true}]}}